{"id":17233,"date":"2021-09-07T08:50:28","date_gmt":"2021-09-07T08:50:28","guid":{"rendered":"https:\/\/fansagroup.com.tr\/?page_id=17233"},"modified":"2023-05-23T05:09:48","modified_gmt":"2023-05-23T05:09:48","slug":"anasayfa","status":"publish","type":"page","link":"https:\/\/fansagroup.com.tr\/?page_id=17233","title":{"rendered":"Anasayfa"},"content":{"rendered":"\t\t<div data-elementor-type=\"wp-page\" data-elementor-id=\"17233\" class=\"elementor elementor-17233\">\n\t\t\t\t\t\t<div class=\"elementor-inner\">\n\t\t\t\t<div class=\"elementor-section-wrap\">\n\t\t\t\t\t\t\t\t\t<section class=\"elementor-section elementor-top-section elementor-element elementor-element-c11a5a3 elementor-section-boxed elementor-section-height-default elementor-section-height-default sc_fly_static\" data-id=\"c11a5a3\" data-element_type=\"section\" data-settings=\"{&quot;background_background&quot;:&quot;classic&quot;}\">\n\t\t\t\t\t\t<div class=\"elementor-container elementor-column-gap-extended\">\n\t\t\t\t\t\t\t<div class=\"elementor-row\">\n\t\t\t\t\t<div class=\"elementor-column elementor-col-100 elementor-top-column elementor-element elementor-element-ad9a4ee sc_inner_width_none sc_content_align_inherit sc_layouts_column_icons_position_left sc_fly_static\" data-id=\"ad9a4ee\" data-element_type=\"column\">\n\t\t\t<div class=\"elementor-column-wrap elementor-element-populated\">\n\t\t\t\t\t\t\t<div class=\"elementor-widget-wrap\">\n\t\t\t\t\t\t<div class=\"elementor-element elementor-element-77d02c0 sc_fly_static elementor-widget elementor-widget-spacer\" data-id=\"77d02c0\" data-element_type=\"widget\" data-widget_type=\"spacer.default\">\n\t\t\t\t<div class=\"elementor-widget-container\">\n\t\t\t\t\t<div class=\"elementor-spacer\">\n\t\t\t<div class=\"elementor-spacer-inner\"><\/div>\n\t\t<\/div>\n\t\t\t\t<\/div>\n\t\t\t\t<\/div>\n\t\t\t\t<div class=\"elementor-element elementor-element-06b766d sc_fly_static elementor-widget elementor-widget-trx_widget_slider\" data-id=\"06b766d\" data-element_type=\"widget\" data-widget_type=\"trx_widget_slider.default\">\n\t\t\t\t<div class=\"elementor-widget-container\">\n\t\t\t<div class=\"widget_area sc_widget_slider\"><aside class=\"widget widget_slider\">\t\t\t<div class=\"slider_wrap slider_engine_revo slider_alias_slider-3\">\n\t\t\t\t<div class=\"wp-block-themepunch-revslider 0\">\n\t\t\t<!-- START Slider 3 REVOLUTION SLIDER 6.5.31 --><p class=\"rs-p-wp-fix\"><\/p>\n\t\t\t<rs-module-wrap id=\"rev_slider_3_1_wrapper\" data-source=\"gallery\" style=\"visibility:hidden;background:transparent;padding:0;margin:0px auto;margin-top:0;margin-bottom:0;\">\n\t\t\t\t<rs-module id=\"rev_slider_3_1\" style=\"\" data-version=\"6.5.31\">\n\t\t\t\t\t<rs-slides>\n\t\t\t\t\t\t<rs-slide style=\"position: absolute;\" data-key=\"rs-6\" data-title=\"Slide\" data-anim=\"adpr:false;p:light;\" data-in=\"o:0;\" data-out=\"o:0;\">\n\t\t\t\t\t\t\t<img decoding=\"async\" src=\"\/\/fansagroup.com.tr\/wp-content\/plugins\/revslider\/public\/assets\/assets\/dummy.png\" alt=\"\" title=\"3d,Rendering,White,Large,Paper,Rolls,In,Factory\" width=\"2560\" height=\"1267\" class=\"rev-slidebg tp-rs-img rs-lazyload\" data-lazyload=\"\/\/fansagroup.com.tr\/wp-content\/uploads\/2022\/09\/papermil-scaled-e1664439836743.jpg\" data-parallax=\"off\" data-no-retina>\n<!--\n\t\t\t\t\t\t\t--><rs-layer\n\t\t\t\t\t\t\t\tid=\"slider-3-slide-6-layer-1\" \n\t\t\t\t\t\t\t\tdata-type=\"shape\"\n\t\t\t\t\t\t\t\tdata-rsp_ch=\"on\"\n\t\t\t\t\t\t\t\tdata-xy=\"xo:945px,708px,247px,95px;yo:-10px,-7px,3px,13px;\"\n\t\t\t\t\t\t\t\tdata-text=\"w:normal;s:20,15,8,4;l:0,18,9,6;\"\n\t\t\t\t\t\t\t\tdata-dim=\"w:1147px,860px,464px,431px;h:180px,135px,72px,91px;\"\n\t\t\t\t\t\t\t\tdata-frame_0=\"x:0,0,0,0px;y:0,0,0,0px;\"\n\t\t\t\t\t\t\t\tdata-frame_1=\"x:0,0,0,0px;y:0,0,0,0px;\"\n\t\t\t\t\t\t\t\tdata-frame_999=\"o:0;st:w;\"\n\t\t\t\t\t\t\t\tstyle=\"z-index:9;background-color:rgba(255,255,255,0.7);\"\n\t\t\t\t\t\t\t> \n\t\t\t\t\t\t\t<\/rs-layer><!--\n\n\t\t\t\t\t\t\t--><rs-layer\n\t\t\t\t\t\t\t\tid=\"slider-3-slide-6-layer-20\" \n\t\t\t\t\t\t\t\tdata-type=\"text\"\n\t\t\t\t\t\t\t\tdata-color=\"#001355\"\n\t\t\t\t\t\t\t\tdata-xy=\"xo:995px,740px,270px,87px;yo:13px,4px,12px,21px;\"\n\t\t\t\t\t\t\t\tdata-text=\"w:normal,normal,nowrap,normal;s:67,48,29,22;l:65,47,27,20;ls:-2,-2,0,-1;fw:700;\"\n\t\t\t\t\t\t\t\tdata-dim=\"w:1020,617,422px,267px;\"\n\t\t\t\t\t\t\t\tdata-tst=\"c:#ffffff;\"\n\t\t\t\t\t\t\t\tdata-rsp_o=\"off\"\n\t\t\t\t\t\t\t\tdata-rsp_bd=\"off\"\n\t\t\t\t\t\t\t\tdata-padding=\"t:9,4,0,0;b:13,8,4,4;\"\n\t\t\t\t\t\t\t\tdata-frame_0=\"o:1;\"\n\t\t\t\t\t\t\t\tdata-frame_0_chars=\"d:5;o:0;rY:0deg;rZ:0deg;\"\n\t\t\t\t\t\t\t\tdata-frame_1=\"st:200;sp:1500;sR:200;\"\n\t\t\t\t\t\t\t\tdata-frame_1_chars=\"d:3;\"\n\t\t\t\t\t\t\t\tdata-frame_999=\"o:0;st:w;sR:6370;\"\n\t\t\t\t\t\t\t\tstyle=\"z-index:10;font-family:'Kumbh Sans';\"\n\t\t\t\t\t\t\t>Temizlik ka\u011f\u0131d\u0131 sekt\u00f6r\u00fcnde <br \/>\nb\u00fcy\u00fcmeye devam ediyoruz \n\t\t\t\t\t\t\t<\/rs-layer><!--\n-->\t\t\t\t\t\t<\/rs-slide>\n\t\t\t\t\t<\/rs-slides>\n\t\t\t\t\t<rs-static-layers><!--\n\t\t\t\t\t--><\/rs-static-layers>\n\t\t\t\t<\/rs-module>\n\t\t\t\t<script>\n\t\t\t\t\tsetREVStartSize({c: 'rev_slider_3_1',rl:[1240,1460,785,500],el:[780,700,480,480],gw:[1920,1440,778,480],gh:[780,700,480,480],type:'standard',justify:'',layout:'fullwidth',mh:\"0\"});if (window.RS_MODULES!==undefined && window.RS_MODULES.modules!==undefined && window.RS_MODULES.modules[\"revslider31\"]!==undefined) {window.RS_MODULES.modules[\"revslider31\"].once = false;window.revapi3 = undefined;if (window.RS_MODULES.checkMinimal!==undefined) window.RS_MODULES.checkMinimal()}\n\t\t\t\t<\/script>\n\t\t\t<\/rs-module-wrap>\n\t\t\t<!-- END REVOLUTION SLIDER -->\n<\/div>\t\t\t<\/div>\n\t\t\t<\/aside><\/div>\t\t<\/div>\n\t\t\t\t<\/div>\n\t\t\t\t\t\t<\/div>\n\t\t\t\t\t<\/div>\n\t\t<\/div>\n\t\t\t\t\t\t\t\t<\/div>\n\t\t\t\t\t<\/div>\n\t\t<\/section>\n\t\t\t\t<section class=\"elementor-section elementor-top-section elementor-element elementor-element-394ba09d elementor-section-boxed elementor-section-height-default elementor-section-height-default sc_fly_static\" data-id=\"394ba09d\" data-element_type=\"section\" data-settings=\"{&quot;background_background&quot;:&quot;classic&quot;}\">\n\t\t\t\t\t\t<div class=\"elementor-container elementor-column-gap-extended\">\n\t\t\t\t\t\t\t<div class=\"elementor-row\">\n\t\t\t\t\t<div class=\"elementor-column elementor-col-100 elementor-top-column elementor-element elementor-element-18a114fc sc_inner_width_none sc_content_align_inherit sc_layouts_column_icons_position_left sc_fly_static\" data-id=\"18a114fc\" data-element_type=\"column\">\n\t\t\t<div class=\"elementor-column-wrap elementor-element-populated\">\n\t\t\t\t\t\t\t<div class=\"elementor-widget-wrap\">\n\t\t\t\t\t\t<div class=\"elementor-element elementor-element-2ea98726 sc_height_large sc_fly_static elementor-widget elementor-widget-spacer\" data-id=\"2ea98726\" data-element_type=\"widget\" data-widget_type=\"spacer.default\">\n\t\t\t\t<div class=\"elementor-widget-container\">\n\t\t\t\t\t<div class=\"elementor-spacer\">\n\t\t\t<div class=\"elementor-spacer-inner\"><\/div>\n\t\t<\/div>\n\t\t\t\t<\/div>\n\t\t\t\t<\/div>\n\t\t\t\t\t\t<\/div>\n\t\t\t\t\t<\/div>\n\t\t<\/div>\n\t\t\t\t\t\t\t\t<\/div>\n\t\t\t\t\t<\/div>\n\t\t<\/section>\n\t\t\t\t<section class=\"elementor-section elementor-top-section elementor-element elementor-element-792aa98d elementor-section-content-middle scheme_default elementor-section-boxed elementor-section-height-default elementor-section-height-default sc_fly_static\" data-id=\"792aa98d\" data-element_type=\"section\" data-settings=\"{&quot;background_background&quot;:&quot;classic&quot;}\">\n\t\t\t\t\t\t<div class=\"elementor-container elementor-column-gap-extended\">\n\t\t\t\t\t\t\t<div class=\"elementor-row\">\n\t\t\t\t\t<div class=\"elementor-column elementor-col-50 elementor-top-column elementor-element elementor-element-423c941 sc_inner_width_none sc_content_align_inherit sc_layouts_column_icons_position_left sc_fly_static\" data-id=\"423c941\" data-element_type=\"column\">\n\t\t\t<div class=\"elementor-column-wrap elementor-element-populated\">\n\t\t\t\t\t\t\t<div class=\"elementor-widget-wrap\">\n\t\t\t\t\t\t<section class=\"elementor-section elementor-inner-section elementor-element elementor-element-6e1bf87 elementor-section-boxed elementor-section-height-default elementor-section-height-default sc_fly_static\" data-id=\"6e1bf87\" data-element_type=\"section\">\n\t\t\t\t\t\t<div class=\"elementor-container elementor-column-gap-extended\">\n\t\t\t\t\t\t\t<div class=\"elementor-row\">\n\t\t\t\t\t<div class=\"elementor-column elementor-col-100 elementor-inner-column elementor-element elementor-element-14712e8 sc_inner_width_none sc_content_align_inherit sc_layouts_column_icons_position_left sc_fly_static\" data-id=\"14712e8\" data-element_type=\"column\">\n\t\t\t<div class=\"elementor-column-wrap elementor-element-populated\">\n\t\t\t\t\t\t\t<div class=\"elementor-widget-wrap\">\n\t\t\t\t\t\t<div class=\"elementor-element elementor-element-ab6e4f elementor-widget__width-auto no-title sc_fly_static elementor-widget elementor-widget-image\" data-id=\"ab6e4f\" data-element_type=\"widget\" data-widget_type=\"image.default\">\n\t\t\t\t<div class=\"elementor-widget-container\">\n\t\t\t\t\t\t\t\t<div class=\"elementor-image\">\n\t\t\t\t\t\t\t\t\t<figure class=\"wp-caption\">\n\t\t\t\t\t\t\t\t\t\t<img loading=\"lazy\" decoding=\"async\" width=\"2560\" height=\"1707\" src=\"https:\/\/fansagroup.com.tr\/wp-content\/uploads\/2022\/10\/shutterstock_761598700-scaled.jpg\" class=\"attachment-full size-full wp-image-19504\" alt=\"\" srcset=\"https:\/\/fansagroup.com.tr\/wp-content\/uploads\/2022\/10\/shutterstock_761598700-scaled.jpg 2560w, https:\/\/fansagroup.com.tr\/wp-content\/uploads\/2022\/10\/shutterstock_761598700-300x200.jpg 300w, https:\/\/fansagroup.com.tr\/wp-content\/uploads\/2022\/10\/shutterstock_761598700-1024x683.jpg 1024w, https:\/\/fansagroup.com.tr\/wp-content\/uploads\/2022\/10\/shutterstock_761598700-768x512.jpg 768w, https:\/\/fansagroup.com.tr\/wp-content\/uploads\/2022\/10\/shutterstock_761598700-1536x1024.jpg 1536w, https:\/\/fansagroup.com.tr\/wp-content\/uploads\/2022\/10\/shutterstock_761598700-2048x1365.jpg 2048w, https:\/\/fansagroup.com.tr\/wp-content\/uploads\/2022\/10\/shutterstock_761598700-370x247.jpg 370w, https:\/\/fansagroup.com.tr\/wp-content\/uploads\/2022\/10\/shutterstock_761598700-840x560.jpg 840w, https:\/\/fansagroup.com.tr\/wp-content\/uploads\/2022\/10\/shutterstock_761598700-410x273.jpg 410w, https:\/\/fansagroup.com.tr\/wp-content\/uploads\/2022\/10\/shutterstock_761598700-600x400.jpg 600w\" sizes=\"auto, (max-width: 2560px) 100vw, 2560px\" \/>\t\t\t\t\t\t\t\t\t\t\t<figcaption class=\"widget-image-caption wp-caption-text\"><\/figcaption>\n\t\t\t\t\t\t\t\t\t\t<\/figure>\n\t\t\t\t\t\t\t\t<\/div>\n\t\t\t\t\t\t<\/div>\n\t\t\t\t<\/div>\n\t\t\t\t\t\t<\/div>\n\t\t\t\t\t<\/div>\n\t\t<\/div>\n\t\t\t\t\t\t\t\t<\/div>\n\t\t\t\t\t<\/div>\n\t\t<\/section>\n\t\t\t\t<section class=\"elementor-section elementor-inner-section elementor-element elementor-element-38881458 elementor-section-content-bottom elementor-section-boxed elementor-section-height-default elementor-section-height-default sc_fly_static\" data-id=\"38881458\" data-element_type=\"section\">\n\t\t\t\t\t\t<div class=\"elementor-container elementor-column-gap-no\">\n\t\t\t\t\t\t\t<div class=\"elementor-row\">\n\t\t\t\t\t<div class=\"elementor-column elementor-col-100 elementor-inner-column elementor-element elementor-element-8079548 sc_inner_width_none sc_content_align_inherit sc_layouts_column_icons_position_left sc_fly_static\" data-id=\"8079548\" data-element_type=\"column\">\n\t\t\t<div class=\"elementor-column-wrap\">\n\t\t\t\t\t\t\t<div class=\"elementor-widget-wrap\">\n\t\t\t\t\t\t\t\t<\/div>\n\t\t\t\t\t<\/div>\n\t\t<\/div>\n\t\t\t\t\t\t\t\t<\/div>\n\t\t\t\t\t<\/div>\n\t\t<\/section>\n\t\t\t\t\t\t<\/div>\n\t\t\t\t\t<\/div>\n\t\t<\/div>\n\t\t\t\t<div class=\"elementor-column elementor-col-50 elementor-top-column elementor-element elementor-element-5622b003 sc_inner_width_none sc_content_align_inherit sc_layouts_column_icons_position_left sc_fly_static\" data-id=\"5622b003\" data-element_type=\"column\">\n\t\t\t<div class=\"elementor-column-wrap elementor-element-populated\">\n\t\t\t\t\t\t\t<div class=\"elementor-widget-wrap\">\n\t\t\t\t\t\t<div class=\"elementor-element elementor-element-5af7591 sc_fly_static elementor-widget elementor-widget-heading\" data-id=\"5af7591\" data-element_type=\"widget\" data-widget_type=\"heading.default\">\n\t\t\t\t<div class=\"elementor-widget-container\">\n\t\t\t<h2 class=\"elementor-heading-title elementor-size-default\">Fansa Group<\/h2>\t\t<\/div>\n\t\t\t\t<\/div>\n\t\t\t\t<div class=\"elementor-element elementor-element-1cb28e23 sc_height_small sc_fly_static elementor-widget elementor-widget-spacer\" data-id=\"1cb28e23\" data-element_type=\"widget\" data-widget_type=\"spacer.default\">\n\t\t\t\t<div class=\"elementor-widget-container\">\n\t\t\t\t\t<div class=\"elementor-spacer\">\n\t\t\t<div class=\"elementor-spacer-inner\"><\/div>\n\t\t<\/div>\n\t\t\t\t<\/div>\n\t\t\t\t<\/div>\n\t\t\t\t<div class=\"elementor-element elementor-element-666467a sc_fly_static elementor-widget elementor-widget-text-editor\" data-id=\"666467a\" data-element_type=\"widget\" data-widget_type=\"text-editor.default\">\n\t\t\t\t<div class=\"elementor-widget-container\">\n\t\t\t\t\t\t\t\t<div class=\"elementor-text-editor elementor-clearfix\">\n\t\t\t\t<p>Ortado\u011fu\u2019da yol ve k\u00f6pr\u00fc in\u015faat\u0131, temizlik ka\u011f\u0131d\u0131 \u00fcretimi ve kozmetik gibi bir\u00e7ok farkl\u0131 sekt\u00f6rde faaliyette bulunan Fansa ailesi, 2013 y\u0131l\u0131nda t\u00fcm i\u015ftiraklerini Fansa Group \u00e7at\u0131s\u0131 alt\u0131nda toplam\u0131\u015ft\u0131r. Sahip oldu\u011fu deneyim ve tecr\u00fcbeyi farkl\u0131 co\u011frafyalara da ta\u015f\u0131ma hedefiyle yola \u00e7\u0131kan Fansa Group, T\u00fcrkiye\u2019deki yat\u0131r\u0131m\u0131na 2014 y\u0131l\u0131nda \u0130zmir Torbal\u0131\u2019da sat\u0131n al\u0131nan entegre temizlik ka\u011f\u0131d\u0131 fabrikas\u0131nda yurti\u00e7i ve yurtd\u0131\u015f\u0131 pazarlar\u0131na y\u00f6nelik end\u00fcstriyel temizlik ka\u011f\u0131d\u0131 ve bobin \u00fcretimi yaparak ba\u015flam\u0131\u015ft\u0131r.<\/p><p>Ana ka\u011f\u0131t makinas\u0131nda farkl\u0131 pazarlara ve m\u00fc\u015fteri ihtiya\u00e7lar\u0131na y\u00f6nelik \u00e7e\u015fitli spectlerde \u00fcretilen yar\u0131mam\u00fcller, Fansa Group markalar\u0131na end\u00fcstriyel temizlik ka\u011f\u0131d\u0131 pazar\u0131nda rekabet g\u00fcc\u00fc kazand\u0131ran geni\u015f \u00fcr\u00fcn portf\u00f6y\u00fc sa\u011flarken, sekt\u00f6r\u00fcn yar\u0131mam\u00fcl ihtiyac\u0131na da cevap verebilmektedir. End\u00fcstriyel tip temizlik ka\u011f\u0131d\u0131n\u0131n rulolu ve katlamal\u0131 \u00fcr\u00fcn segmentlerinin tamam\u0131n\u0131 \u00fcretebilecek \u015fekilde faaliyet g\u00f6steren konverting fabrikas\u0131, Fansa Group markalar\u0131n\u0131n yan\u0131 s\u0131ra, private label m\u00fc\u015fterine de hizmet vermektedir.<\/p><p>Markalar\u0131yla b\u00f6lgenin g\u00fc\u00e7l\u00fc firmalar\u0131 aras\u0131nda yer alan Fansa Group , \u00fcr\u00fcnlerini 5 k\u0131tada 50\u2019den fazla \u00fclkeye ihra\u00e7 etmektedir. Pazardaki geli\u015fmeleri ve m\u00fc\u015fteri beklentilerini \u00f6n planda tutarak geli\u015ftirilen yenilik\u00e7i \u00fcr\u00fcnleriyle sekt\u00f6r\u00fcn en g\u00fc\u00e7l\u00fc firmalardan biri olmay\u0131 hedefleyen Fansa Group , bu y\u00f6nde s\u00fcrekli yat\u0131r\u0131mlar yapmaya, s\u00fcrd\u00fcr\u00fclebilir ve tutarl\u0131 bir b\u00fcy\u00fcme hedefi ile \u00e7al\u0131\u015fmaya devam etmektedir.<\/p>\t\t\t\t\t<\/div>\n\t\t\t\t\t\t<\/div>\n\t\t\t\t<\/div>\n\t\t\t\t<div class=\"elementor-element elementor-element-13b529ec sc_height_small sc_fly_static elementor-widget elementor-widget-spacer\" data-id=\"13b529ec\" data-element_type=\"widget\" data-widget_type=\"spacer.default\">\n\t\t\t\t<div class=\"elementor-widget-container\">\n\t\t\t\t\t<div class=\"elementor-spacer\">\n\t\t\t<div class=\"elementor-spacer-inner\"><\/div>\n\t\t<\/div>\n\t\t\t\t<\/div>\n\t\t\t\t<\/div>\n\t\t\t\t\t\t<\/div>\n\t\t\t\t\t<\/div>\n\t\t<\/div>\n\t\t\t\t\t\t\t\t<\/div>\n\t\t\t\t\t<\/div>\n\t\t<\/section>\n\t\t\t\t<section class=\"elementor-section elementor-top-section elementor-element elementor-element-53fb0132 elementor-section-boxed elementor-section-height-default elementor-section-height-default sc_fly_static\" data-id=\"53fb0132\" data-element_type=\"section\" data-settings=\"{&quot;background_background&quot;:&quot;classic&quot;}\">\n\t\t\t\t\t\t<div class=\"elementor-container elementor-column-gap-extended\">\n\t\t\t\t\t\t\t<div class=\"elementor-row\">\n\t\t\t\t\t<div class=\"elementor-column elementor-col-100 elementor-top-column elementor-element elementor-element-78165c1 sc_inner_width_none sc_content_align_inherit sc_layouts_column_icons_position_left sc_fly_static\" data-id=\"78165c1\" data-element_type=\"column\">\n\t\t\t<div class=\"elementor-column-wrap elementor-element-populated\">\n\t\t\t\t\t\t\t<div class=\"elementor-widget-wrap\">\n\t\t\t\t\t\t<div class=\"elementor-element elementor-element-bbc7670 sc_fly_static elementor-widget elementor-widget-spacer\" data-id=\"bbc7670\" data-element_type=\"widget\" data-widget_type=\"spacer.default\">\n\t\t\t\t<div class=\"elementor-widget-container\">\n\t\t\t\t\t<div class=\"elementor-spacer\">\n\t\t\t<div class=\"elementor-spacer-inner\"><\/div>\n\t\t<\/div>\n\t\t\t\t<\/div>\n\t\t\t\t<\/div>\n\t\t\t\t<div class=\"elementor-element elementor-element-2304a26 sc_fly_static elementor-widget elementor-widget-heading\" data-id=\"2304a26\" data-element_type=\"widget\" data-widget_type=\"heading.default\">\n\t\t\t\t<div class=\"elementor-widget-container\">\n\t\t\t<h2 class=\"elementor-heading-title elementor-size-default\">Misyonumuz<\/h2>\t\t<\/div>\n\t\t\t\t<\/div>\n\t\t\t\t<div class=\"elementor-element elementor-element-a752eb4 sc_fly_static elementor-widget elementor-widget-spacer\" data-id=\"a752eb4\" data-element_type=\"widget\" data-widget_type=\"spacer.default\">\n\t\t\t\t<div class=\"elementor-widget-container\">\n\t\t\t\t\t<div class=\"elementor-spacer\">\n\t\t\t<div class=\"elementor-spacer-inner\"><\/div>\n\t\t<\/div>\n\t\t\t\t<\/div>\n\t\t\t\t<\/div>\n\t\t\t\t<div class=\"elementor-element elementor-element-e30ea98 sc_fly_static elementor-widget elementor-widget-text-editor\" data-id=\"e30ea98\" data-element_type=\"widget\" data-widget_type=\"text-editor.default\">\n\t\t\t\t<div class=\"elementor-widget-container\">\n\t\t\t\t\t\t\t\t<div class=\"elementor-text-editor elementor-clearfix\">\n\t\t\t\t<p>Sahip oldu\u011fumuz tecr\u00fcbe sayesinde, katma de\u011fer sa\u011flayan, kaliteli ve yenilik\u00e7i \u00fcr\u00fcnleri s\u00fcrd\u00fcr\u00fclebilir b\u00fcy\u00fcme stratejimizle ve verimlilik yakla\u015f\u0131m\u0131m\u0131zla m\u00fc\u015fterilerimize sunmakt\u0131r.<\/p>\t\t\t\t\t<\/div>\n\t\t\t\t\t\t<\/div>\n\t\t\t\t<\/div>\n\t\t\t\t<div class=\"elementor-element elementor-element-1be5a63 sc_height_small sc_fly_static elementor-widget elementor-widget-spacer\" data-id=\"1be5a63\" data-element_type=\"widget\" data-widget_type=\"spacer.default\">\n\t\t\t\t<div class=\"elementor-widget-container\">\n\t\t\t\t\t<div class=\"elementor-spacer\">\n\t\t\t<div class=\"elementor-spacer-inner\"><\/div>\n\t\t<\/div>\n\t\t\t\t<\/div>\n\t\t\t\t<\/div>\n\t\t\t\t<div class=\"elementor-element elementor-element-17eddd6 sc_fly_static elementor-widget elementor-widget-heading\" data-id=\"17eddd6\" data-element_type=\"widget\" data-widget_type=\"heading.default\">\n\t\t\t\t<div class=\"elementor-widget-container\">\n\t\t\t<h2 class=\"elementor-heading-title elementor-size-default\">Vizyonumuz<\/h2>\t\t<\/div>\n\t\t\t\t<\/div>\n\t\t\t\t<div class=\"elementor-element elementor-element-604a70a sc_fly_static elementor-widget elementor-widget-spacer\" data-id=\"604a70a\" data-element_type=\"widget\" data-widget_type=\"spacer.default\">\n\t\t\t\t<div class=\"elementor-widget-container\">\n\t\t\t\t\t<div class=\"elementor-spacer\">\n\t\t\t<div class=\"elementor-spacer-inner\"><\/div>\n\t\t<\/div>\n\t\t\t\t<\/div>\n\t\t\t\t<\/div>\n\t\t\t\t<div class=\"elementor-element elementor-element-de8733c sc_fly_static elementor-widget elementor-widget-text-editor\" data-id=\"de8733c\" data-element_type=\"widget\" data-widget_type=\"text-editor.default\">\n\t\t\t\t<div class=\"elementor-widget-container\">\n\t\t\t\t\t\t\t\t<div class=\"elementor-text-editor elementor-clearfix\">\n\t\t\t\t<p style=\"text-align: left;\">Faaliyet g\u00f6sterdi\u011fimiz t\u00fcm sekt\u00f6rlerde bilinen ve tercih edilen firmalardan biri olmakt\u0131r.<\/p>\t\t\t\t\t<\/div>\n\t\t\t\t\t\t<\/div>\n\t\t\t\t<\/div>\n\t\t\t\t<div class=\"elementor-element elementor-element-4a3ed06a sc_height_large sc_fly_static elementor-widget elementor-widget-spacer\" data-id=\"4a3ed06a\" data-element_type=\"widget\" data-widget_type=\"spacer.default\">\n\t\t\t\t<div class=\"elementor-widget-container\">\n\t\t\t\t\t<div class=\"elementor-spacer\">\n\t\t\t<div class=\"elementor-spacer-inner\"><\/div>\n\t\t<\/div>\n\t\t\t\t<\/div>\n\t\t\t\t<\/div>\n\t\t\t\t<div class=\"elementor-element elementor-element-c113c5a no-title sc_fly_static elementor-widget elementor-widget-image\" data-id=\"c113c5a\" data-element_type=\"widget\" data-widget_type=\"image.default\">\n\t\t\t\t<div class=\"elementor-widget-container\">\n\t\t\t\t\t\t\t\t<div class=\"elementor-image\">\n\t\t\t\t\t\t\t\t\t\t\t\t<img loading=\"lazy\" decoding=\"async\" width=\"2048\" height=\"502\" src=\"https:\/\/fansagroup.com.tr\/wp-content\/uploads\/2022\/09\/shutterstock_2063920685-2048x502.jpg\" class=\"attachment-2048x2048 size-2048x2048 wp-image-19211\" alt=\"\" srcset=\"https:\/\/fansagroup.com.tr\/wp-content\/uploads\/2022\/09\/shutterstock_2063920685-2048x502.jpg 2048w, https:\/\/fansagroup.com.tr\/wp-content\/uploads\/2022\/09\/shutterstock_2063920685-300x73.jpg 300w, https:\/\/fansagroup.com.tr\/wp-content\/uploads\/2022\/09\/shutterstock_2063920685-1024x251.jpg 1024w, https:\/\/fansagroup.com.tr\/wp-content\/uploads\/2022\/09\/shutterstock_2063920685-768x188.jpg 768w, https:\/\/fansagroup.com.tr\/wp-content\/uploads\/2022\/09\/shutterstock_2063920685-1536x376.jpg 1536w, https:\/\/fansagroup.com.tr\/wp-content\/uploads\/2022\/09\/shutterstock_2063920685-370x91.jpg 370w, https:\/\/fansagroup.com.tr\/wp-content\/uploads\/2022\/09\/shutterstock_2063920685-840x206.jpg 840w, https:\/\/fansagroup.com.tr\/wp-content\/uploads\/2022\/09\/shutterstock_2063920685-410x100.jpg 410w, https:\/\/fansagroup.com.tr\/wp-content\/uploads\/2022\/09\/shutterstock_2063920685-600x147.jpg 600w\" sizes=\"auto, (max-width: 2048px) 100vw, 2048px\" \/>\t\t\t\t\t\t\t\t\t\t\t\t\t\t<\/div>\n\t\t\t\t\t\t<\/div>\n\t\t\t\t<\/div>\n\t\t\t\t<div class=\"elementor-element elementor-element-0abaa22 sc_height_small sc_fly_static elementor-widget elementor-widget-spacer\" data-id=\"0abaa22\" data-element_type=\"widget\" data-widget_type=\"spacer.default\">\n\t\t\t\t<div class=\"elementor-widget-container\">\n\t\t\t\t\t<div class=\"elementor-spacer\">\n\t\t\t<div class=\"elementor-spacer-inner\"><\/div>\n\t\t<\/div>\n\t\t\t\t<\/div>\n\t\t\t\t<\/div>\n\t\t\t\t\t\t<\/div>\n\t\t\t\t\t<\/div>\n\t\t<\/div>\n\t\t\t\t\t\t\t\t<\/div>\n\t\t\t\t\t<\/div>\n\t\t<\/section>\n\t\t\t\t\t\t\t\t\t<\/div>\n\t\t\t<\/div>\n\t\t\t\t\t<\/div>\n\t\t","protected":false},"excerpt":{"rendered":"<p>Temizlik ka\u011f\u0131d\u0131 sekt\u00f6r\u00fcnde b\u00fcy\u00fcmeye devam ediyoruz Fansa Group Ortado\u011fu\u2019da yol ve k\u00f6pr\u00fc in\u015faat\u0131, temizlik ka\u011f\u0131d\u0131 \u00fcretimi ve kozmetik gibi bir\u00e7ok farkl\u0131 sekt\u00f6rde faaliyette bulunan Fansa ailesi, 2013 y\u0131l\u0131nda t\u00fcm i\u015ftiraklerini&hellip;<\/p>\n","protected":false},"author":1,"featured_media":0,"parent":0,"menu_order":0,"comment_status":"closed","ping_status":"closed","template":"","meta":{"footnotes":""},"class_list":["post-17233","page","type-page","status-publish","hentry"],"_links":{"self":[{"href":"https:\/\/fansagroup.com.tr\/index.php?rest_route=\/wp\/v2\/pages\/17233","targetHints":{"allow":["GET"]}}],"collection":[{"href":"https:\/\/fansagroup.com.tr\/index.php?rest_route=\/wp\/v2\/pages"}],"about":[{"href":"https:\/\/fansagroup.com.tr\/index.php?rest_route=\/wp\/v2\/types\/page"}],"author":[{"embeddable":true,"href":"https:\/\/fansagroup.com.tr\/index.php?rest_route=\/wp\/v2\/users\/1"}],"replies":[{"embeddable":true,"href":"https:\/\/fansagroup.com.tr\/index.php?rest_route=%2Fwp%2Fv2%2Fcomments&post=17233"}],"version-history":[{"count":0,"href":"https:\/\/fansagroup.com.tr\/index.php?rest_route=\/wp\/v2\/pages\/17233\/revisions"}],"wp:attachment":[{"href":"https:\/\/fansagroup.com.tr\/index.php?rest_route=%2Fwp%2Fv2%2Fmedia&parent=17233"}],"curies":[{"name":"wp","href":"https:\/\/api.w.org\/{rel}","templated":true}]}}