{"id":19274,"date":"2022-09-29T09:03:56","date_gmt":"2022-09-29T09:03:56","guid":{"rendered":"https:\/\/hamzafansa.com\/fansa\/?page_id=19274"},"modified":"2022-11-02T08:18:45","modified_gmt":"2022-11-02T08:18:45","slug":"degerlerimiz","status":"publish","type":"page","link":"https:\/\/fansagroup.com.tr\/?page_id=19274","title":{"rendered":"De\u011ferlerimiz"},"content":{"rendered":"\t\t<div data-elementor-type=\"wp-page\" data-elementor-id=\"19274\" class=\"elementor elementor-19274\">\n\t\t\t\t\t\t<div class=\"elementor-inner\">\n\t\t\t\t<div class=\"elementor-section-wrap\">\n\t\t\t\t\t\t\t\t\t<section class=\"elementor-section elementor-top-section elementor-element elementor-element-49bde660 elementor-section-boxed elementor-section-height-default elementor-section-height-default sc_fly_static\" data-id=\"49bde660\" data-element_type=\"section\">\n\t\t\t\t\t\t<div class=\"elementor-container elementor-column-gap-extended\">\n\t\t\t\t\t\t\t<div class=\"elementor-row\">\n\t\t\t\t\t<div class=\"elementor-column elementor-col-100 elementor-top-column elementor-element elementor-element-3922ce83 sc_inner_width_none sc_content_align_inherit sc_layouts_column_icons_position_left sc_fly_static\" data-id=\"3922ce83\" data-element_type=\"column\">\n\t\t\t<div class=\"elementor-column-wrap elementor-element-populated\">\n\t\t\t\t\t\t\t<div class=\"elementor-widget-wrap\">\n\t\t\t\t\t\t<div class=\"elementor-element elementor-element-dd4b4a8 sc_fly_static elementor-widget elementor-widget-spacer\" data-id=\"dd4b4a8\" data-element_type=\"widget\" data-widget_type=\"spacer.default\">\n\t\t\t\t<div class=\"elementor-widget-container\">\n\t\t\t\t\t<div class=\"elementor-spacer\">\n\t\t\t<div class=\"elementor-spacer-inner\"><\/div>\n\t\t<\/div>\n\t\t\t\t<\/div>\n\t\t\t\t<\/div>\n\t\t\t\t<div class=\"elementor-element elementor-element-00e1e1b sc_fly_static elementor-widget elementor-widget-heading\" data-id=\"00e1e1b\" data-element_type=\"widget\" data-widget_type=\"heading.default\">\n\t\t\t\t<div class=\"elementor-widget-container\">\n\t\t\t<h6 class=\"elementor-heading-title elementor-size-default\">M\u00fc\u015fteri memnuniyeti \u00f6nceli\u011fimizdir.\n<\/h6>\t\t<\/div>\n\t\t\t\t<\/div>\n\t\t\t\t<div class=\"elementor-element elementor-element-6f80e2e sc_fly_static elementor-widget elementor-widget-spacer\" data-id=\"6f80e2e\" data-element_type=\"widget\" data-widget_type=\"spacer.default\">\n\t\t\t\t<div class=\"elementor-widget-container\">\n\t\t\t\t\t<div class=\"elementor-spacer\">\n\t\t\t<div class=\"elementor-spacer-inner\"><\/div>\n\t\t<\/div>\n\t\t\t\t<\/div>\n\t\t\t\t<\/div>\n\t\t\t\t<div class=\"elementor-element elementor-element-dba0c35 sc_fly_static elementor-widget elementor-widget-text-editor\" data-id=\"dba0c35\" data-element_type=\"widget\" data-widget_type=\"text-editor.default\">\n\t\t\t\t<div class=\"elementor-widget-container\">\n\t\t\t\t\t\t\t\t<div class=\"elementor-text-editor elementor-clearfix\">\n\t\t\t\t<p>Ba\u015far\u0131n\u0131n s\u0131rr\u0131n\u0131n y\u00fcksek m\u00fc\u015fteri memnuniyeti ve sadakati oldu\u011funa inan\u0131r\u0131z. Bu nedenle m\u00fc\u015fterilerimizle g\u00fcvene dayal\u0131, uzun vadeli bir ili\u015fki kurmak i\u00e7in sadece sat\u0131\u015f \u00f6ncesi de\u011fil, sat\u0131\u015f sonras\u0131nda da yan\u0131nda oldu\u011fumuzu hissettiririz.<\/p>\t\t\t\t\t<\/div>\n\t\t\t\t\t\t<\/div>\n\t\t\t\t<\/div>\n\t\t\t\t<div class=\"elementor-element elementor-element-575f4053 sc_fly_static elementor-widget elementor-widget-text-editor\" data-id=\"575f4053\" data-element_type=\"widget\" data-widget_type=\"text-editor.default\">\n\t\t\t\t<div class=\"elementor-widget-container\">\n\t\t\t\t\t\t\t\t<div class=\"elementor-text-editor elementor-clearfix\">\n\t\t\t\t\t\t\t\t\t<\/div>\n\t\t\t\t\t\t<\/div>\n\t\t\t\t<\/div>\n\t\t\t\t<div class=\"elementor-element elementor-element-598891a sc_fly_static elementor-widget elementor-widget-spacer\" data-id=\"598891a\" data-element_type=\"widget\" data-widget_type=\"spacer.default\">\n\t\t\t\t<div class=\"elementor-widget-container\">\n\t\t\t\t\t<div class=\"elementor-spacer\">\n\t\t\t<div class=\"elementor-spacer-inner\"><\/div>\n\t\t<\/div>\n\t\t\t\t<\/div>\n\t\t\t\t<\/div>\n\t\t\t\t<div class=\"elementor-element elementor-element-9305a9c sc_fly_static elementor-widget elementor-widget-heading\" data-id=\"9305a9c\" data-element_type=\"widget\" data-widget_type=\"heading.default\">\n\t\t\t\t<div class=\"elementor-widget-container\">\n\t\t\t<h6 class=\"elementor-heading-title elementor-size-default\">Ruhumuzda giri\u015fimcilik var.\n<\/h6>\t\t<\/div>\n\t\t\t\t<\/div>\n\t\t\t\t<div class=\"elementor-element elementor-element-f543162 sc_fly_static elementor-widget elementor-widget-spacer\" data-id=\"f543162\" data-element_type=\"widget\" data-widget_type=\"spacer.default\">\n\t\t\t\t<div class=\"elementor-widget-container\">\n\t\t\t\t\t<div class=\"elementor-spacer\">\n\t\t\t<div class=\"elementor-spacer-inner\"><\/div>\n\t\t<\/div>\n\t\t\t\t<\/div>\n\t\t\t\t<\/div>\n\t\t\t\t<div class=\"elementor-element elementor-element-7867585 sc_fly_static elementor-widget elementor-widget-text-editor\" data-id=\"7867585\" data-element_type=\"widget\" data-widget_type=\"text-editor.default\">\n\t\t\t\t<div class=\"elementor-widget-container\">\n\t\t\t\t\t\t\t\t<div class=\"elementor-text-editor elementor-clearfix\">\n\t\t\t\t<p>Giri\u015fimci ruhumuzla i\u015flerimizi b\u00fcy\u00fctmek ve geli\u015ftirmek i\u00e7in her zaman tutku ve heyecan ile \u00e7al\u0131\u015f\u0131r, gelecek odakl\u0131 yat\u0131r\u0131mlar yapmaktan \u00e7ekinmeyiz.<\/p>\t\t\t\t\t<\/div>\n\t\t\t\t\t\t<\/div>\n\t\t\t\t<\/div>\n\t\t\t\t<div class=\"elementor-element elementor-element-e7157c4 sc_fly_static elementor-widget elementor-widget-spacer\" data-id=\"e7157c4\" data-element_type=\"widget\" data-widget_type=\"spacer.default\">\n\t\t\t\t<div class=\"elementor-widget-container\">\n\t\t\t\t\t<div class=\"elementor-spacer\">\n\t\t\t<div class=\"elementor-spacer-inner\"><\/div>\n\t\t<\/div>\n\t\t\t\t<\/div>\n\t\t\t\t<\/div>\n\t\t\t\t<div class=\"elementor-element elementor-element-4b3dde6 sc_fly_static elementor-widget elementor-widget-heading\" data-id=\"4b3dde6\" data-element_type=\"widget\" data-widget_type=\"heading.default\">\n\t\t\t\t<div class=\"elementor-widget-container\">\n\t\t\t<h6 class=\"elementor-heading-title elementor-size-default\">Her zaman daha iyisini sunmak i\u00e7in yenili\u011fi destekler ve inovasyona \u00f6nem veririz.<\/h6>\t\t<\/div>\n\t\t\t\t<\/div>\n\t\t\t\t<div class=\"elementor-element elementor-element-519c967 sc_fly_static elementor-widget elementor-widget-spacer\" data-id=\"519c967\" data-element_type=\"widget\" data-widget_type=\"spacer.default\">\n\t\t\t\t<div class=\"elementor-widget-container\">\n\t\t\t\t\t<div class=\"elementor-spacer\">\n\t\t\t<div class=\"elementor-spacer-inner\"><\/div>\n\t\t<\/div>\n\t\t\t\t<\/div>\n\t\t\t\t<\/div>\n\t\t\t\t<div class=\"elementor-element elementor-element-f08e3cf sc_fly_static elementor-widget elementor-widget-text-editor\" data-id=\"f08e3cf\" data-element_type=\"widget\" data-widget_type=\"text-editor.default\">\n\t\t\t\t<div class=\"elementor-widget-container\">\n\t\t\t\t\t\t\t\t<div class=\"elementor-text-editor elementor-clearfix\">\n\t\t\t\t<p>M\u00fc\u015fterilerimizin geri bildirimleri ve de\u011fi\u015fen pazar dinamikleri \u0131\u015f\u0131\u011f\u0131nda y\u00fcr\u00fctt\u00fc\u011f\u00fcm\u00fcz \u00fcr\u00fcn iyile\u015ftirme ve geli\u015ftirme \u00e7al\u0131\u015fmalar\u0131m\u0131z her daim s\u00fcrmektedir. Yenili\u011fi destekler, denemeden ba\u015far\u0131lamayaca\u011f\u0131n\u0131 biliriz. T\u00fcm \u00e7al\u0131\u015fanlar\u0131m\u0131z\u0131 bu y\u00f6nde te\u015fvik eder, yetki ve sorumluluklar veririz.<\/p>\t\t\t\t\t<\/div>\n\t\t\t\t\t\t<\/div>\n\t\t\t\t<\/div>\n\t\t\t\t<div class=\"elementor-element elementor-element-670413f sc_fly_static elementor-widget elementor-widget-spacer\" data-id=\"670413f\" data-element_type=\"widget\" data-widget_type=\"spacer.default\">\n\t\t\t\t<div class=\"elementor-widget-container\">\n\t\t\t\t\t<div class=\"elementor-spacer\">\n\t\t\t<div class=\"elementor-spacer-inner\"><\/div>\n\t\t<\/div>\n\t\t\t\t<\/div>\n\t\t\t\t<\/div>\n\t\t\t\t<div class=\"elementor-element elementor-element-a47fde3 sc_fly_static elementor-widget elementor-widget-heading\" data-id=\"a47fde3\" data-element_type=\"widget\" data-widget_type=\"heading.default\">\n\t\t\t\t<div class=\"elementor-widget-container\">\n\t\t\t<h6 class=\"elementor-heading-title elementor-size-default\">Her zaman insan odakl\u0131y\u0131z.<\/h6>\t\t<\/div>\n\t\t\t\t<\/div>\n\t\t\t\t<div class=\"elementor-element elementor-element-2726c55 sc_fly_static elementor-widget elementor-widget-spacer\" data-id=\"2726c55\" data-element_type=\"widget\" data-widget_type=\"spacer.default\">\n\t\t\t\t<div class=\"elementor-widget-container\">\n\t\t\t\t\t<div class=\"elementor-spacer\">\n\t\t\t<div class=\"elementor-spacer-inner\"><\/div>\n\t\t<\/div>\n\t\t\t\t<\/div>\n\t\t\t\t<\/div>\n\t\t\t\t<div class=\"elementor-element elementor-element-55d683a sc_fly_static elementor-widget elementor-widget-text-editor\" data-id=\"55d683a\" data-element_type=\"widget\" data-widget_type=\"text-editor.default\">\n\t\t\t\t<div class=\"elementor-widget-container\">\n\t\t\t\t\t\t\t\t<div class=\"elementor-text-editor elementor-clearfix\">\n\t\t\t\t<p>Grubumuzun \u00e7ok uluslu yap\u0131s\u0131 gere\u011fi, farkl\u0131 \u00fclke ve k\u00fclt\u00fcrlerden gelen \u00e7al\u0131\u015fanlar\u0131m\u0131z\u0131n sinerjisini \u00e7ok k\u0131ymetli buluyoruz. Y\u00f6netim anlay\u0131\u015f\u0131m\u0131z\u0131n temelinde her zaman insan odakl\u0131 bir bak\u0131\u015f a\u00e7\u0131s\u0131 ta\u015f\u0131yoruz. \u00c7al\u0131\u015fanlar\u0131m\u0131za ve m\u00fc\u015fterilerimize her zaman de\u011fer verir, sayg\u0131 duyar, fikir ve beklentilerine \u00f6nem veririz.<\/p>\t\t\t\t\t<\/div>\n\t\t\t\t\t\t<\/div>\n\t\t\t\t<\/div>\n\t\t\t\t<div class=\"elementor-element elementor-element-794d940 sc_fly_static elementor-widget elementor-widget-spacer\" data-id=\"794d940\" data-element_type=\"widget\" data-widget_type=\"spacer.default\">\n\t\t\t\t<div class=\"elementor-widget-container\">\n\t\t\t\t\t<div class=\"elementor-spacer\">\n\t\t\t<div class=\"elementor-spacer-inner\"><\/div>\n\t\t<\/div>\n\t\t\t\t<\/div>\n\t\t\t\t<\/div>\n\t\t\t\t<div class=\"elementor-element elementor-element-982af01 sc_fly_static elementor-widget elementor-widget-heading\" data-id=\"982af01\" data-element_type=\"widget\" data-widget_type=\"heading.default\">\n\t\t\t\t<div class=\"elementor-widget-container\">\n\t\t\t<h6 class=\"elementor-heading-title elementor-size-default\">T\u00fcm kaynaklar\u0131m\u0131z\u0131 daha verimli hale getirmek i\u00e7in s\u00fcrekli iyile\u015ftirme ve geli\u015ftirmeler yap\u0131yoruz.\n<\/h6>\t\t<\/div>\n\t\t\t\t<\/div>\n\t\t\t\t<div class=\"elementor-element elementor-element-aa4d896 sc_fly_static elementor-widget elementor-widget-spacer\" data-id=\"aa4d896\" data-element_type=\"widget\" data-widget_type=\"spacer.default\">\n\t\t\t\t<div class=\"elementor-widget-container\">\n\t\t\t\t\t<div class=\"elementor-spacer\">\n\t\t\t<div class=\"elementor-spacer-inner\"><\/div>\n\t\t<\/div>\n\t\t\t\t<\/div>\n\t\t\t\t<\/div>\n\t\t\t\t<div class=\"elementor-element elementor-element-e63e8d5 sc_fly_static elementor-widget elementor-widget-text-editor\" data-id=\"e63e8d5\" data-element_type=\"widget\" data-widget_type=\"text-editor.default\">\n\t\t\t\t<div class=\"elementor-widget-container\">\n\t\t\t\t\t\t\t\t<div class=\"elementor-text-editor elementor-clearfix\">\n\t\t\t\t<p>T\u00fcm kaynaklar\u0131m\u0131z\u0131 en etkin \u015fekilde kullan\u0131yor, bu sayede rekabet g\u00fcc\u00fcm\u00fcz\u00fc de artt\u0131r\u0131yoruz.<\/p>\t\t\t\t\t<\/div>\n\t\t\t\t\t\t<\/div>\n\t\t\t\t<\/div>\n\t\t\t\t<div class=\"elementor-element elementor-element-e0529ae sc_fly_static elementor-widget elementor-widget-spacer\" data-id=\"e0529ae\" data-element_type=\"widget\" data-widget_type=\"spacer.default\">\n\t\t\t\t<div class=\"elementor-widget-container\">\n\t\t\t\t\t<div class=\"elementor-spacer\">\n\t\t\t<div class=\"elementor-spacer-inner\"><\/div>\n\t\t<\/div>\n\t\t\t\t<\/div>\n\t\t\t\t<\/div>\n\t\t\t\t<div class=\"elementor-element elementor-element-f1b67a2 sc_fly_static elementor-widget elementor-widget-heading\" data-id=\"f1b67a2\" data-element_type=\"widget\" data-widget_type=\"heading.default\">\n\t\t\t\t<div class=\"elementor-widget-container\">\n\t\t\t<h6 class=\"elementor-heading-title elementor-size-default\">\u0130li\u015fkilerimizin temeli kar\u015f\u0131l\u0131kl\u0131 g\u00fcvene dayan\u0131r<\/h6>\t\t<\/div>\n\t\t\t\t<\/div>\n\t\t\t\t<div class=\"elementor-element elementor-element-c86d2c5 sc_fly_static elementor-widget elementor-widget-spacer\" data-id=\"c86d2c5\" data-element_type=\"widget\" data-widget_type=\"spacer.default\">\n\t\t\t\t<div class=\"elementor-widget-container\">\n\t\t\t\t\t<div class=\"elementor-spacer\">\n\t\t\t<div class=\"elementor-spacer-inner\"><\/div>\n\t\t<\/div>\n\t\t\t\t<\/div>\n\t\t\t\t<\/div>\n\t\t\t\t<div class=\"elementor-element elementor-element-6e1bda3 sc_fly_static elementor-widget elementor-widget-text-editor\" data-id=\"6e1bda3\" data-element_type=\"widget\" data-widget_type=\"text-editor.default\">\n\t\t\t\t<div class=\"elementor-widget-container\">\n\t\t\t\t\t\t\t\t<div class=\"elementor-text-editor elementor-clearfix\">\n\t\t\t\t<p>Grubumuz, \u015firket i\u00e7i ve \u015firket d\u0131\u015f\u0131 t\u00fcm faaliyet, karar ve uygulamalar\u0131nda tutarl\u0131, adil ve e\u015fitlik\u00e7i bir yakla\u015f\u0131m benimser. Kar\u015f\u0131l\u0131kl\u0131 g\u00fcven ilkesi, gerek \u00e7al\u0131\u015fanlar\u0131m\u0131z gerekse de m\u00fc\u015fterilerimiz ve tedarik\u00e7ilerimizle olan ili\u015fkilerimizde i\u015fbirli\u011fimizin ana temelini olu\u015fturur.<\/p>\t\t\t\t\t<\/div>\n\t\t\t\t\t\t<\/div>\n\t\t\t\t<\/div>\n\t\t\t\t<div class=\"elementor-element elementor-element-336d0c7 sc_fly_static elementor-widget elementor-widget-spacer\" data-id=\"336d0c7\" data-element_type=\"widget\" data-widget_type=\"spacer.default\">\n\t\t\t\t<div class=\"elementor-widget-container\">\n\t\t\t\t\t<div class=\"elementor-spacer\">\n\t\t\t<div class=\"elementor-spacer-inner\"><\/div>\n\t\t<\/div>\n\t\t\t\t<\/div>\n\t\t\t\t<\/div>\n\t\t\t\t<div class=\"elementor-element elementor-element-529de2a sc_fly_static elementor-widget elementor-widget-heading\" data-id=\"529de2a\" data-element_type=\"widget\" data-widget_type=\"heading.default\">\n\t\t\t\t<div class=\"elementor-widget-container\">\n\t\t\t<h6 class=\"elementor-heading-title elementor-size-default\">\u00c7evreye ve do\u011faya sorumlulu\u011fumuzun bilincindeyiz.\n<\/h6>\t\t<\/div>\n\t\t\t\t<\/div>\n\t\t\t\t<div class=\"elementor-element elementor-element-4cf7075 sc_fly_static elementor-widget elementor-widget-spacer\" data-id=\"4cf7075\" data-element_type=\"widget\" data-widget_type=\"spacer.default\">\n\t\t\t\t<div class=\"elementor-widget-container\">\n\t\t\t\t\t<div class=\"elementor-spacer\">\n\t\t\t<div class=\"elementor-spacer-inner\"><\/div>\n\t\t<\/div>\n\t\t\t\t<\/div>\n\t\t\t\t<\/div>\n\t\t\t\t<div class=\"elementor-element elementor-element-27100ed sc_fly_static elementor-widget elementor-widget-text-editor\" data-id=\"27100ed\" data-element_type=\"widget\" data-widget_type=\"text-editor.default\">\n\t\t\t\t<div class=\"elementor-widget-container\">\n\t\t\t\t\t\t\t\t<div class=\"elementor-text-editor elementor-clearfix\">\n\t\t\t\t<p>T\u00fcm \u00fcr\u00fcn ve hizmetlerimizde \u00e7evresel ve toplumsal etkileri d\u00fc\u015f\u00fcnerek hareket ediyor, ekosistemimizi korumak ad\u0131na gerekli \u00f6nlemleri al\u0131yoruz.<\/p>\t\t\t\t\t<\/div>\n\t\t\t\t\t\t<\/div>\n\t\t\t\t<\/div>\n\t\t\t\t\t\t<\/div>\n\t\t\t\t\t<\/div>\n\t\t<\/div>\n\t\t\t\t\t\t\t\t<\/div>\n\t\t\t\t\t<\/div>\n\t\t<\/section>\n\t\t\t\t\t\t\t\t\t<\/div>\n\t\t\t<\/div>\n\t\t\t\t\t<\/div>\n\t\t","protected":false},"excerpt":{"rendered":"<p>M\u00fc\u015fteri memnuniyeti \u00f6nceli\u011fimizdir. Ba\u015far\u0131n\u0131n s\u0131rr\u0131n\u0131n y\u00fcksek m\u00fc\u015fteri memnuniyeti ve sadakati oldu\u011funa inan\u0131r\u0131z. Bu nedenle m\u00fc\u015fterilerimizle g\u00fcvene dayal\u0131, uzun vadeli bir ili\u015fki kurmak i\u00e7in sadece sat\u0131\u015f \u00f6ncesi de\u011fil, sat\u0131\u015f sonras\u0131nda da&hellip;<\/p>\n","protected":false},"author":1,"featured_media":0,"parent":0,"menu_order":0,"comment_status":"closed","ping_status":"closed","template":"","meta":{"footnotes":""},"class_list":["post-19274","page","type-page","status-publish","hentry"],"_links":{"self":[{"href":"https:\/\/fansagroup.com.tr\/index.php?rest_route=\/wp\/v2\/pages\/19274","targetHints":{"allow":["GET"]}}],"collection":[{"href":"https:\/\/fansagroup.com.tr\/index.php?rest_route=\/wp\/v2\/pages"}],"about":[{"href":"https:\/\/fansagroup.com.tr\/index.php?rest_route=\/wp\/v2\/types\/page"}],"author":[{"embeddable":true,"href":"https:\/\/fansagroup.com.tr\/index.php?rest_route=\/wp\/v2\/users\/1"}],"replies":[{"embeddable":true,"href":"https:\/\/fansagroup.com.tr\/index.php?rest_route=%2Fwp%2Fv2%2Fcomments&post=19274"}],"version-history":[{"count":0,"href":"https:\/\/fansagroup.com.tr\/index.php?rest_route=\/wp\/v2\/pages\/19274\/revisions"}],"wp:attachment":[{"href":"https:\/\/fansagroup.com.tr\/index.php?rest_route=%2Fwp%2Fv2%2Fmedia&parent=19274"}],"curies":[{"name":"wp","href":"https:\/\/api.w.org\/{rel}","templated":true}]}}