{"id":19337,"date":"2022-09-29T11:59:52","date_gmt":"2022-09-29T11:59:52","guid":{"rendered":"https:\/\/hamzafansa.com\/fansa\/ilanlar\/"},"modified":"2022-09-29T12:02:47","modified_gmt":"2022-09-29T12:02:47","slug":"ilanlar","status":"publish","type":"page","link":"https:\/\/fansagroup.com.tr\/?page_id=19337","title":{"rendered":"\u0130\u015f \u0130lanlar\u0131"},"content":{"rendered":"<div class=\"job_listings\" data-location=\"\" data-keywords=\"\" data-show_filters=\"true\" data-show_pagination=\"false\" data-per_page=\"10\" data-orderby=\"featured\" data-order=\"DESC\" data-categories=\"\" data-disable-form-state-storage=\"\" data-post_id=\"19337\" >\n<form class=\"job_filters\">\n\t\n\t<div class=\"search_jobs\">\n\t\t\n\t\t<div class=\"search_keywords\">\n\t\t\t<label for=\"search_keywords\">Anahtar Kelimeler<\/label>\n\t\t\t<input type=\"text\" name=\"search_keywords\" id=\"search_keywords\" placeholder=\"Anahtar Kelimeler\" value=\"\" \/>\n\t\t<\/div>\n\n\t\t<div class=\"search_location\">\n\t\t\t<label for=\"search_location\">Lokasyon<\/label>\n\t\t\t<input type=\"text\" name=\"search_location\" id=\"search_location\" placeholder=\"Lokasyon\" value=\"\" \/>\n\t\t<\/div>\n\n\t\t\t\t\t<div class=\"search_remote_position\">\n\t\t\t\t<input type=\"checkbox\" class=\"input-checkbox\" name=\"remote_position\" id=\"remote_position\" placeholder=\"Lokasyon\" value=\"1\"  \/>\n\t\t\t\t<label for=\"remote_position\" id=\"remote_position_label\">Remote positions only<\/label>\n\t\t\t<\/div>\n\t\t\n\t\t<div style=\"clear: both\"><\/div>\n\n\t\t\n\t\t\t\t\t<div class=\"search_submit\">\n\t\t\t\t<input type=\"submit\" value=\"\u0130\u015f ara\">\n\t\t\t<\/div>\n\t\t\n\t\t\t<\/div>\n\n\t\t<ul class=\"job_types\">\n\t\t\t\t\t<li><label for=\"job_type_freelance\" class=\"freelance\"><input type=\"checkbox\" name=\"filter_job_type[]\" value=\"freelance\"  checked='checked' id=\"job_type_freelance\" \/> Freelance<\/label><\/li>\n\t\t\t\t\t<li><label for=\"job_type_full-time\" class=\"full-time\"><input type=\"checkbox\" name=\"filter_job_type[]\" value=\"full-time\"  checked='checked' id=\"job_type_full-time\" \/> Full Time<\/label><\/li>\n\t\t\t\t\t<li><label for=\"job_type_internship\" class=\"internship\"><input type=\"checkbox\" name=\"filter_job_type[]\" value=\"internship\"  checked='checked' id=\"job_type_internship\" \/> Internship<\/label><\/li>\n\t\t\t\t\t<li><label for=\"job_type_part-time\" class=\"part-time\"><input type=\"checkbox\" name=\"filter_job_type[]\" value=\"part-time\"  checked='checked' id=\"job_type_part-time\" \/> Part Time<\/label><\/li>\n\t\t\t\t\t<li><label for=\"job_type_temporary\" class=\"temporary\"><input type=\"checkbox\" name=\"filter_job_type[]\" value=\"temporary\"  checked='checked' id=\"job_type_temporary\" \/> Temporary<\/label><\/li>\n\t\t\t<\/ul>\n\t<input type=\"hidden\" name=\"filter_job_type[]\" value=\"\" \/>\n<div class=\"showing_jobs\"><\/div><\/form>\n\n\n<noscript>Taray\u0131c\u0131n\u0131z JavaScript desteklemiyor ya da JavaScript&rsquo;i devre d\u0131\u015f\u0131 b\u0131rakm\u0131\u015f. \u0130lanlar\u0131 g\u00f6rebilmek i\u00e7in JavaScript aktif olmal\u0131d\u0131r.<\/noscript>\n<ul class=\"job_listings\">\n<\/ul>\n<a class=\"load_more_jobs\" href=\"#\" style=\"display:none;\"><strong>Daha fazla ilan<\/strong><\/a><\/div>\n","protected":false},"excerpt":{"rendered":"","protected":false},"author":1,"featured_media":0,"parent":0,"menu_order":0,"comment_status":"closed","ping_status":"closed","template":"","meta":{"footnotes":""},"class_list":["post-19337","page","type-page","status-publish","hentry"],"_links":{"self":[{"href":"https:\/\/fansagroup.com.tr\/index.php?rest_route=\/wp\/v2\/pages\/19337","targetHints":{"allow":["GET"]}}],"collection":[{"href":"https:\/\/fansagroup.com.tr\/index.php?rest_route=\/wp\/v2\/pages"}],"about":[{"href":"https:\/\/fansagroup.com.tr\/index.php?rest_route=\/wp\/v2\/types\/page"}],"author":[{"embeddable":true,"href":"https:\/\/fansagroup.com.tr\/index.php?rest_route=\/wp\/v2\/users\/1"}],"replies":[{"embeddable":true,"href":"https:\/\/fansagroup.com.tr\/index.php?rest_route=%2Fwp%2Fv2%2Fcomments&post=19337"}],"version-history":[{"count":0,"href":"https:\/\/fansagroup.com.tr\/index.php?rest_route=\/wp\/v2\/pages\/19337\/revisions"}],"wp:attachment":[{"href":"https:\/\/fansagroup.com.tr\/index.php?rest_route=%2Fwp%2Fv2%2Fmedia&parent=19337"}],"curies":[{"name":"wp","href":"https:\/\/api.w.org\/{rel}","templated":true}]}}