{"id":19341,"date":"2022-09-29T12:10:40","date_gmt":"2022-09-29T12:10:40","guid":{"rendered":"https:\/\/hamzafansa.com\/fansa\/?page_id=19341"},"modified":"2022-11-02T08:54:38","modified_gmt":"2022-11-02T08:54:38","slug":"kariyer","status":"publish","type":"page","link":"https:\/\/fansagroup.com.tr\/?page_id=19341","title":{"rendered":"Kariyer"},"content":{"rendered":"\t\t<div data-elementor-type=\"wp-page\" data-elementor-id=\"19341\" class=\"elementor elementor-19341\">\n\t\t\t\t\t\t<div class=\"elementor-inner\">\n\t\t\t\t<div class=\"elementor-section-wrap\">\n\t\t\t\t\t\t\t\t\t<section class=\"elementor-section elementor-top-section elementor-element elementor-element-5b12522 elementor-section-boxed elementor-section-height-default elementor-section-height-default sc_fly_static\" data-id=\"5b12522\" data-element_type=\"section\">\n\t\t\t\t\t\t<div class=\"elementor-container elementor-column-gap-extended\">\n\t\t\t\t\t\t\t<div class=\"elementor-row\">\n\t\t\t\t\t<div class=\"elementor-column elementor-col-100 elementor-top-column elementor-element elementor-element-2fe2899a sc_inner_width_none sc_content_align_inherit sc_layouts_column_icons_position_left sc_fly_static\" data-id=\"2fe2899a\" data-element_type=\"column\">\n\t\t\t<div class=\"elementor-column-wrap elementor-element-populated\">\n\t\t\t\t\t\t\t<div class=\"elementor-widget-wrap\">\n\t\t\t\t\t\t<div class=\"elementor-element elementor-element-15ca4af sc_fly_static elementor-widget elementor-widget-spacer\" data-id=\"15ca4af\" data-element_type=\"widget\" data-widget_type=\"spacer.default\">\n\t\t\t\t<div class=\"elementor-widget-container\">\n\t\t\t\t\t<div class=\"elementor-spacer\">\n\t\t\t<div class=\"elementor-spacer-inner\"><\/div>\n\t\t<\/div>\n\t\t\t\t<\/div>\n\t\t\t\t<\/div>\n\t\t\t\t<section class=\"elementor-section elementor-inner-section elementor-element elementor-element-6ec265c elementor-section-boxed elementor-section-height-default elementor-section-height-default sc_fly_static\" data-id=\"6ec265c\" data-element_type=\"section\">\n\t\t\t\t\t\t<div class=\"elementor-container elementor-column-gap-extended\">\n\t\t\t\t\t\t\t<div class=\"elementor-row\">\n\t\t\t\t\t<div class=\"elementor-column elementor-col-50 elementor-inner-column elementor-element elementor-element-1151b4e sc_inner_width_none sc_content_align_inherit sc_layouts_column_icons_position_left sc_fly_static\" data-id=\"1151b4e\" data-element_type=\"column\">\n\t\t\t<div class=\"elementor-column-wrap elementor-element-populated\">\n\t\t\t\t\t\t\t<div class=\"elementor-widget-wrap\">\n\t\t\t\t\t\t<div class=\"elementor-element elementor-element-248e451 sc_fly_static elementor-widget elementor-widget-image\" data-id=\"248e451\" data-element_type=\"widget\" data-widget_type=\"image.default\">\n\t\t\t\t<div class=\"elementor-widget-container\">\n\t\t\t\t\t\t\t\t<div class=\"elementor-image\">\n\t\t\t\t\t\t\t\t\t\t\t\t<img loading=\"lazy\" decoding=\"async\" width=\"1024\" height=\"534\" src=\"https:\/\/fansagroup.com.tr\/wp-content\/uploads\/2022\/09\/shutterstock_748617433-1024x534.jpg\" class=\"attachment-large size-large wp-image-19365\" alt=\"\" srcset=\"https:\/\/fansagroup.com.tr\/wp-content\/uploads\/2022\/09\/shutterstock_748617433-1024x534.jpg 1024w, https:\/\/fansagroup.com.tr\/wp-content\/uploads\/2022\/09\/shutterstock_748617433-300x156.jpg 300w, https:\/\/fansagroup.com.tr\/wp-content\/uploads\/2022\/09\/shutterstock_748617433-768x400.jpg 768w, https:\/\/fansagroup.com.tr\/wp-content\/uploads\/2022\/09\/shutterstock_748617433-1536x801.jpg 1536w, https:\/\/fansagroup.com.tr\/wp-content\/uploads\/2022\/09\/shutterstock_748617433-2048x1067.jpg 2048w, https:\/\/fansagroup.com.tr\/wp-content\/uploads\/2022\/09\/shutterstock_748617433-370x193.jpg 370w, https:\/\/fansagroup.com.tr\/wp-content\/uploads\/2022\/09\/shutterstock_748617433-840x438.jpg 840w, https:\/\/fansagroup.com.tr\/wp-content\/uploads\/2022\/09\/shutterstock_748617433-410x214.jpg 410w, https:\/\/fansagroup.com.tr\/wp-content\/uploads\/2022\/09\/shutterstock_748617433-600x313.jpg 600w\" sizes=\"auto, (max-width: 1024px) 100vw, 1024px\" \/>\t\t\t\t\t\t\t\t\t\t\t\t\t\t<\/div>\n\t\t\t\t\t\t<\/div>\n\t\t\t\t<\/div>\n\t\t\t\t\t\t<\/div>\n\t\t\t\t\t<\/div>\n\t\t<\/div>\n\t\t\t\t<div class=\"elementor-column elementor-col-50 elementor-inner-column elementor-element elementor-element-6bdc08d sc_inner_width_none sc_content_align_inherit sc_layouts_column_icons_position_left sc_fly_static\" data-id=\"6bdc08d\" data-element_type=\"column\">\n\t\t\t<div class=\"elementor-column-wrap elementor-element-populated\">\n\t\t\t\t\t\t\t<div class=\"elementor-widget-wrap\">\n\t\t\t\t\t\t<div class=\"elementor-element elementor-element-5e3be96 sc_fly_static elementor-widget elementor-widget-heading\" data-id=\"5e3be96\" data-element_type=\"widget\" data-widget_type=\"heading.default\">\n\t\t\t\t<div class=\"elementor-widget-container\">\n\t\t\t<h3 class=\"elementor-heading-title elementor-size-default\">Fansa'da Kariyer<\/h3>\t\t<\/div>\n\t\t\t\t<\/div>\n\t\t\t\t<div class=\"elementor-element elementor-element-be3fb8a sc_fly_static elementor-widget elementor-widget-spacer\" data-id=\"be3fb8a\" data-element_type=\"widget\" data-widget_type=\"spacer.default\">\n\t\t\t\t<div class=\"elementor-widget-container\">\n\t\t\t\t\t<div class=\"elementor-spacer\">\n\t\t\t<div class=\"elementor-spacer-inner\"><\/div>\n\t\t<\/div>\n\t\t\t\t<\/div>\n\t\t\t\t<\/div>\n\t\t\t\t<div class=\"elementor-element elementor-element-feead6d sc_fly_static elementor-widget elementor-widget-text-editor\" data-id=\"feead6d\" data-element_type=\"widget\" data-widget_type=\"text-editor.default\">\n\t\t\t\t<div class=\"elementor-widget-container\">\n\t\t\t\t\t\t\t\t<div class=\"elementor-text-editor elementor-clearfix\">\n\t\t\t\t<p>Fansa Group olarak bizi gelecek hedeflerimize ula\u015ft\u0131racak en \u00f6nemli yat\u0131r\u0131m\u0131n insan kaynaklar\u0131 oldu\u011funun bilicindeyiz. Bu nedenle insan kaynaklar\u0131 yakla\u015f\u0131m\u0131m\u0131z\u0131n temelinde her birini g\u00fc\u00e7l\u00fc bir ekibin de\u011ferli bir \u00fcyesi olarak g\u00f6rd\u00fc\u011f\u00fcm\u00fcz t\u00fcm \u00e7al\u0131\u015fmalar\u0131m\u0131za\u00a0 kariyer y\u00f6netimlerinde fayda sa\u011flayacak bireysel ve mesleki geli\u015fim imkanlar\u0131 sa\u011fl\u0131yor, ba\u015far\u0131y\u0131 her zaman takdir ediyor, adil \u00fccret politikam\u0131zla onlar\u0131n yan\u0131nda yer al\u0131yoruz. T\u00fcm fabrikalar\u0131m\u0131zda ve ofislerimizde \u0130\u015f sa\u011fl\u0131\u011f\u0131 ve g\u00fcvenli\u011fi mevzuat\u0131na uyarak \u00e7al\u0131\u015fanlar\u0131m\u0131z\u0131 i\u015f kazas\u0131 ve riskleri a\u00e7\u0131s\u0131ndan koruyor, kendilerini bu konuda bilin\u00e7lendiriyoruz.<\/p>\t\t\t\t\t<\/div>\n\t\t\t\t\t\t<\/div>\n\t\t\t\t<\/div>\n\t\t\t\t\t\t<\/div>\n\t\t\t\t\t<\/div>\n\t\t<\/div>\n\t\t\t\t\t\t\t\t<\/div>\n\t\t\t\t\t<\/div>\n\t\t<\/section>\n\t\t\t\t<div class=\"elementor-element elementor-element-1a60b22 sc_fly_static elementor-widget elementor-widget-spacer\" data-id=\"1a60b22\" data-element_type=\"widget\" data-widget_type=\"spacer.default\">\n\t\t\t\t<div class=\"elementor-widget-container\">\n\t\t\t\t\t<div class=\"elementor-spacer\">\n\t\t\t<div class=\"elementor-spacer-inner\"><\/div>\n\t\t<\/div>\n\t\t\t\t<\/div>\n\t\t\t\t<\/div>\n\t\t\t\t\t\t<\/div>\n\t\t\t\t\t<\/div>\n\t\t<\/div>\n\t\t\t\t\t\t\t\t<\/div>\n\t\t\t\t\t<\/div>\n\t\t<\/section>\n\t\t\t\t\t\t\t\t\t<\/div>\n\t\t\t<\/div>\n\t\t\t\t\t<\/div>\n\t\t","protected":false},"excerpt":{"rendered":"<p>Fansa&#8217;da Kariyer Fansa Group olarak bizi gelecek hedeflerimize ula\u015ft\u0131racak en \u00f6nemli yat\u0131r\u0131m\u0131n insan kaynaklar\u0131 oldu\u011funun bilicindeyiz. Bu nedenle insan kaynaklar\u0131 yakla\u015f\u0131m\u0131m\u0131z\u0131n temelinde her birini g\u00fc\u00e7l\u00fc bir ekibin de\u011ferli bir \u00fcyesi&hellip;<\/p>\n","protected":false},"author":3,"featured_media":0,"parent":0,"menu_order":0,"comment_status":"closed","ping_status":"closed","template":"","meta":{"footnotes":""},"class_list":["post-19341","page","type-page","status-publish","hentry"],"_links":{"self":[{"href":"https:\/\/fansagroup.com.tr\/index.php?rest_route=\/wp\/v2\/pages\/19341","targetHints":{"allow":["GET"]}}],"collection":[{"href":"https:\/\/fansagroup.com.tr\/index.php?rest_route=\/wp\/v2\/pages"}],"about":[{"href":"https:\/\/fansagroup.com.tr\/index.php?rest_route=\/wp\/v2\/types\/page"}],"author":[{"embeddable":true,"href":"https:\/\/fansagroup.com.tr\/index.php?rest_route=\/wp\/v2\/users\/3"}],"replies":[{"embeddable":true,"href":"https:\/\/fansagroup.com.tr\/index.php?rest_route=%2Fwp%2Fv2%2Fcomments&post=19341"}],"version-history":[{"count":0,"href":"https:\/\/fansagroup.com.tr\/index.php?rest_route=\/wp\/v2\/pages\/19341\/revisions"}],"wp:attachment":[{"href":"https:\/\/fansagroup.com.tr\/index.php?rest_route=%2Fwp%2Fv2%2Fmedia&parent=19341"}],"curies":[{"name":"wp","href":"https:\/\/api.w.org\/{rel}","templated":true}]}}