{"id":19389,"date":"2022-09-29T13:44:15","date_gmt":"2022-09-29T13:44:15","guid":{"rendered":"https:\/\/hamzafansa.com\/fansa\/?page_id=19389"},"modified":"2022-10-31T11:28:19","modified_gmt":"2022-10-31T11:28:19","slug":"markalarimiz","status":"publish","type":"page","link":"https:\/\/fansagroup.com.tr\/?page_id=19389","title":{"rendered":"Markalar\u0131m\u0131z"},"content":{"rendered":"\t\t<div data-elementor-type=\"wp-page\" data-elementor-id=\"19389\" class=\"elementor elementor-19389\">\n\t\t\t\t\t\t<div class=\"elementor-inner\">\n\t\t\t\t<div class=\"elementor-section-wrap\">\n\t\t\t\t\t\t\t\t\t<section class=\"elementor-section elementor-top-section elementor-element elementor-element-58a3a4b9 elementor-section-boxed elementor-section-height-default elementor-section-height-default sc_fly_static\" data-id=\"58a3a4b9\" data-element_type=\"section\">\n\t\t\t\t\t\t<div class=\"elementor-container elementor-column-gap-extended\">\n\t\t\t\t\t\t\t<div class=\"elementor-row\">\n\t\t\t\t\t<div class=\"elementor-column elementor-col-100 elementor-top-column elementor-element elementor-element-1dd66cae sc_inner_width_none sc_content_align_inherit sc_layouts_column_icons_position_left sc_fly_static\" data-id=\"1dd66cae\" data-element_type=\"column\">\n\t\t\t<div class=\"elementor-column-wrap elementor-element-populated\">\n\t\t\t\t\t\t\t<div class=\"elementor-widget-wrap\">\n\t\t\t\t\t\t<div class=\"elementor-element elementor-element-d82fa14 sc_fly_static elementor-widget elementor-widget-image\" data-id=\"d82fa14\" data-element_type=\"widget\" data-widget_type=\"image.default\">\n\t\t\t\t<div class=\"elementor-widget-container\">\n\t\t\t\t\t\t\t\t<div class=\"elementor-image\">\n\t\t\t\t\t\t\t\t\t\t\t\t<img decoding=\"async\" src=\"https:\/\/fansagroup.com.tr\/wp-content\/uploads\/elementor\/thumbs\/profdarkpng-q6kcyua6jgrrzyav5tbo8jk4e08fp01sn3m1c8hmqw.png\" title=\"profdarkpng\" alt=\"profdarkpng\" loading=\"lazy\" \/>\t\t\t\t\t\t\t\t\t\t\t\t\t\t<\/div>\n\t\t\t\t\t\t<\/div>\n\t\t\t\t<\/div>\n\t\t\t\t<section class=\"elementor-section elementor-inner-section elementor-element elementor-element-81277b6 elementor-section-boxed elementor-section-height-default elementor-section-height-default sc_fly_static\" data-id=\"81277b6\" data-element_type=\"section\">\n\t\t\t\t\t\t<div class=\"elementor-container elementor-column-gap-extended\">\n\t\t\t\t\t\t\t<div class=\"elementor-row\">\n\t\t\t\t\t<div class=\"elementor-column elementor-col-50 elementor-inner-column elementor-element elementor-element-98c710d sc_inner_width_none sc_content_align_inherit sc_layouts_column_icons_position_left sc_fly_static\" data-id=\"98c710d\" data-element_type=\"column\">\n\t\t\t<div class=\"elementor-column-wrap elementor-element-populated\">\n\t\t\t\t\t\t\t<div class=\"elementor-widget-wrap\">\n\t\t\t\t\t\t<div class=\"elementor-element elementor-element-9630dd0 sc_fly_static elementor-widget elementor-widget-image\" data-id=\"9630dd0\" data-element_type=\"widget\" data-widget_type=\"image.default\">\n\t\t\t\t<div class=\"elementor-widget-container\">\n\t\t\t\t\t\t\t\t<div class=\"elementor-image\">\n\t\t\t\t\t\t\t\t\t\t\t\t<img loading=\"lazy\" decoding=\"async\" width=\"1024\" height=\"576\" src=\"https:\/\/fansagroup.com.tr\/wp-content\/uploads\/2022\/10\/urun-ailesi-1024x576.png\" class=\"attachment-large size-large wp-image-19438\" alt=\"\" srcset=\"https:\/\/fansagroup.com.tr\/wp-content\/uploads\/2022\/10\/urun-ailesi-1024x576.png 1024w, https:\/\/fansagroup.com.tr\/wp-content\/uploads\/2022\/10\/urun-ailesi-300x169.png 300w, https:\/\/fansagroup.com.tr\/wp-content\/uploads\/2022\/10\/urun-ailesi-768x432.png 768w, https:\/\/fansagroup.com.tr\/wp-content\/uploads\/2022\/10\/urun-ailesi-1536x864.png 1536w, https:\/\/fansagroup.com.tr\/wp-content\/uploads\/2022\/10\/urun-ailesi-370x208.png 370w, https:\/\/fansagroup.com.tr\/wp-content\/uploads\/2022\/10\/urun-ailesi-1290x725.png 1290w, https:\/\/fansagroup.com.tr\/wp-content\/uploads\/2022\/10\/urun-ailesi-840x473.png 840w, https:\/\/fansagroup.com.tr\/wp-content\/uploads\/2022\/10\/urun-ailesi-410x231.png 410w, https:\/\/fansagroup.com.tr\/wp-content\/uploads\/2022\/10\/urun-ailesi-600x338.png 600w, https:\/\/fansagroup.com.tr\/wp-content\/uploads\/2022\/10\/urun-ailesi-270x152.png 270w, https:\/\/fansagroup.com.tr\/wp-content\/uploads\/2022\/10\/urun-ailesi.png 1920w\" sizes=\"auto, (max-width: 1024px) 100vw, 1024px\" \/>\t\t\t\t\t\t\t\t\t\t\t\t\t\t<\/div>\n\t\t\t\t\t\t<\/div>\n\t\t\t\t<\/div>\n\t\t\t\t\t\t<\/div>\n\t\t\t\t\t<\/div>\n\t\t<\/div>\n\t\t\t\t<div class=\"elementor-column elementor-col-50 elementor-inner-column elementor-element elementor-element-78d4c30 sc_inner_width_none sc_content_align_inherit sc_layouts_column_icons_position_left sc_fly_static\" data-id=\"78d4c30\" data-element_type=\"column\">\n\t\t\t<div class=\"elementor-column-wrap elementor-element-populated\">\n\t\t\t\t\t\t\t<div class=\"elementor-widget-wrap\">\n\t\t\t\t\t\t<div class=\"elementor-element elementor-element-9bf6b89 sc_fly_static elementor-widget elementor-widget-spacer\" data-id=\"9bf6b89\" data-element_type=\"widget\" data-widget_type=\"spacer.default\">\n\t\t\t\t<div class=\"elementor-widget-container\">\n\t\t\t\t\t<div class=\"elementor-spacer\">\n\t\t\t<div class=\"elementor-spacer-inner\"><\/div>\n\t\t<\/div>\n\t\t\t\t<\/div>\n\t\t\t\t<\/div>\n\t\t\t\t<div class=\"elementor-element elementor-element-c5eac13 sc_fly_static elementor-widget elementor-widget-text-editor\" data-id=\"c5eac13\" data-element_type=\"widget\" data-widget_type=\"text-editor.default\">\n\t\t\t\t<div class=\"elementor-widget-container\">\n\t\t\t\t\t\t\t\t<div class=\"elementor-text-editor elementor-clearfix\">\n\t\t\t\t<p>Fansa Group markas\u0131 olan Proftr, restoran-cafe,otel,okul,i\u015fyeri,hastane ve avm gibi evd\u0131\u015f\u0131 t\u00fcketim alanlar\u0131nda geni\u015f ve kaliteli \u00fcr\u00fcn yelpazesi ile end\u00fcstriyel temizlik ka\u011f\u0131d\u0131 pazar\u0131na profesyonel \u00e7\u00f6z\u00fcmler sunmaktad\u0131r. S\u00fcrekli devam eden Arge \u00e7al\u0131\u015fmalar\u0131 sonucu, pazarda de\u011fi\u015fen ve geli\u015fen m\u00fc\u015fteri ihtiya\u00e7lar\u0131 dikkate al\u0131narak, ulusal ve uluslararas\u0131 reg\u00fclasyonlara ve standartlara uygun olarak \u00fcretilen Proftr \u00fcr\u00fcnlerinde, kalitede s\u00fcreklilik ve m\u00fc\u015fteri memnuniyeti temel de\u011ferlerdir.<\/p><p>\u00c7evre dostu hizmet yakla\u015f\u0131m\u0131n\u0131 benimsemi\u015f bir kurum k\u00fclt\u00fcr\u00fc ve %100 geri d\u00f6n\u00fc\u015f\u00fcml\u00fc \u00fcr\u00fcnleri ile k\u0131sa vadede sekt\u00f6rdeki kitlesini geni\u015fleterek m\u00fc\u015fterilerinin isteklerine h\u0131zl\u0131 ve nitelikli \u00e7\u00f6z\u00fcmler sunmaya devam etmekte olan Proftr, temizlik ka\u011f\u0131tlar\u0131 sekt\u00f6r\u00fcnde d\u00fcnyada yerini alm\u0131\u015f bir marka olmay\u0131 hedeflemektedir.<\/p>\t\t\t\t\t<\/div>\n\t\t\t\t\t\t<\/div>\n\t\t\t\t<\/div>\n\t\t\t\t\t\t<\/div>\n\t\t\t\t\t<\/div>\n\t\t<\/div>\n\t\t\t\t\t\t\t\t<\/div>\n\t\t\t\t\t<\/div>\n\t\t<\/section>\n\t\t\t\t\t\t<\/div>\n\t\t\t\t\t<\/div>\n\t\t<\/div>\n\t\t\t\t\t\t\t\t<\/div>\n\t\t\t\t\t<\/div>\n\t\t<\/section>\n\t\t\t\t<section class=\"elementor-section elementor-top-section elementor-element elementor-element-0da6720 elementor-section-boxed elementor-section-height-default elementor-section-height-default sc_fly_static\" data-id=\"0da6720\" data-element_type=\"section\">\n\t\t\t\t\t\t<div class=\"elementor-container elementor-column-gap-extended\">\n\t\t\t\t\t\t\t<div class=\"elementor-row\">\n\t\t\t\t\t<div class=\"elementor-column elementor-col-100 elementor-top-column elementor-element elementor-element-216b6ea sc_inner_width_none sc_content_align_inherit sc_layouts_column_icons_position_left sc_fly_static\" data-id=\"216b6ea\" data-element_type=\"column\">\n\t\t\t<div class=\"elementor-column-wrap elementor-element-populated\">\n\t\t\t\t\t\t\t<div class=\"elementor-widget-wrap\">\n\t\t\t\t\t\t<div class=\"elementor-element elementor-element-1bc7a1c sc_fly_static elementor-widget elementor-widget-spacer\" data-id=\"1bc7a1c\" data-element_type=\"widget\" data-widget_type=\"spacer.default\">\n\t\t\t\t<div class=\"elementor-widget-container\">\n\t\t\t\t\t<div class=\"elementor-spacer\">\n\t\t\t<div class=\"elementor-spacer-inner\"><\/div>\n\t\t<\/div>\n\t\t\t\t<\/div>\n\t\t\t\t<\/div>\n\t\t\t\t<section class=\"elementor-section elementor-inner-section elementor-element elementor-element-81c9a19 elementor-section-boxed elementor-section-height-default elementor-section-height-default sc_fly_static\" data-id=\"81c9a19\" data-element_type=\"section\">\n\t\t\t\t\t\t<div class=\"elementor-container elementor-column-gap-extended\">\n\t\t\t\t\t\t\t<div class=\"elementor-row\">\n\t\t\t\t\t<div class=\"elementor-column elementor-col-100 elementor-inner-column elementor-element elementor-element-d1505fc sc_inner_width_none sc_content_align_inherit sc_layouts_column_icons_position_left sc_fly_static\" data-id=\"d1505fc\" data-element_type=\"column\">\n\t\t\t<div class=\"elementor-column-wrap elementor-element-populated\">\n\t\t\t\t\t\t\t<div class=\"elementor-widget-wrap\">\n\t\t\t\t\t\t<div class=\"elementor-element elementor-element-b58fb7f sc_fly_static elementor-widget elementor-widget-image\" data-id=\"b58fb7f\" data-element_type=\"widget\" data-widget_type=\"image.default\">\n\t\t\t\t<div class=\"elementor-widget-container\">\n\t\t\t\t\t\t\t\t<div class=\"elementor-image\">\n\t\t\t\t\t\t\t\t\t\t\t\t<img decoding=\"async\" src=\"https:\/\/fansagroup.com.tr\/wp-content\/uploads\/elementor\/thumbs\/paperlogo-q6tv6mk7yrmxpfsofnabdqp3cwsysvqe34brt931i4.png\" title=\"paperlogo\" alt=\"paperlogo\" loading=\"lazy\" \/>\t\t\t\t\t\t\t\t\t\t\t\t\t\t<\/div>\n\t\t\t\t\t\t<\/div>\n\t\t\t\t<\/div>\n\t\t\t\t\t\t<\/div>\n\t\t\t\t\t<\/div>\n\t\t<\/div>\n\t\t\t\t\t\t\t\t<\/div>\n\t\t\t\t\t<\/div>\n\t\t<\/section>\n\t\t\t\t<div class=\"elementor-element elementor-element-279d33c sc_fly_static elementor-widget elementor-widget-spacer\" data-id=\"279d33c\" data-element_type=\"widget\" data-widget_type=\"spacer.default\">\n\t\t\t\t<div class=\"elementor-widget-container\">\n\t\t\t\t\t<div class=\"elementor-spacer\">\n\t\t\t<div class=\"elementor-spacer-inner\"><\/div>\n\t\t<\/div>\n\t\t\t\t<\/div>\n\t\t\t\t<\/div>\n\t\t\t\t<section class=\"elementor-section elementor-inner-section elementor-element elementor-element-fc14f7a elementor-section-boxed elementor-section-height-default elementor-section-height-default sc_fly_static\" data-id=\"fc14f7a\" data-element_type=\"section\">\n\t\t\t\t\t\t<div class=\"elementor-container elementor-column-gap-extended\">\n\t\t\t\t\t\t\t<div class=\"elementor-row\">\n\t\t\t\t\t<div class=\"elementor-column elementor-col-50 elementor-inner-column elementor-element elementor-element-c7f4103 sc_inner_width_none sc_content_align_inherit sc_layouts_column_icons_position_left sc_fly_static\" data-id=\"c7f4103\" data-element_type=\"column\">\n\t\t\t<div class=\"elementor-column-wrap elementor-element-populated\">\n\t\t\t\t\t\t\t<div class=\"elementor-widget-wrap\">\n\t\t\t\t\t\t<div class=\"elementor-element elementor-element-6266ac1 sc_fly_static elementor-widget elementor-widget-image\" data-id=\"6266ac1\" data-element_type=\"widget\" data-widget_type=\"image.default\">\n\t\t\t\t<div class=\"elementor-widget-container\">\n\t\t\t\t\t\t\t\t<div class=\"elementor-image\">\n\t\t\t\t\t\t\t\t\t\t\t\t<img loading=\"lazy\" decoding=\"async\" width=\"1024\" height=\"640\" src=\"https:\/\/fansagroup.com.tr\/wp-content\/uploads\/2022\/09\/shutterstock_132469916-1024x640.jpg\" class=\"attachment-large size-large wp-image-19095\" alt=\"\" srcset=\"https:\/\/fansagroup.com.tr\/wp-content\/uploads\/2022\/09\/shutterstock_132469916-1024x640.jpg 1024w, https:\/\/fansagroup.com.tr\/wp-content\/uploads\/2022\/09\/shutterstock_132469916-300x187.jpg 300w, https:\/\/fansagroup.com.tr\/wp-content\/uploads\/2022\/09\/shutterstock_132469916-768x480.jpg 768w, https:\/\/fansagroup.com.tr\/wp-content\/uploads\/2022\/09\/shutterstock_132469916-1536x960.jpg 1536w, https:\/\/fansagroup.com.tr\/wp-content\/uploads\/2022\/09\/shutterstock_132469916-2048x1279.jpg 2048w, https:\/\/fansagroup.com.tr\/wp-content\/uploads\/2022\/09\/shutterstock_132469916-370x231.jpg 370w, https:\/\/fansagroup.com.tr\/wp-content\/uploads\/2022\/09\/shutterstock_132469916-840x525.jpg 840w, https:\/\/fansagroup.com.tr\/wp-content\/uploads\/2022\/09\/shutterstock_132469916-410x256.jpg 410w, https:\/\/fansagroup.com.tr\/wp-content\/uploads\/2022\/09\/shutterstock_132469916-600x375.jpg 600w\" sizes=\"auto, (max-width: 1024px) 100vw, 1024px\" \/>\t\t\t\t\t\t\t\t\t\t\t\t\t\t<\/div>\n\t\t\t\t\t\t<\/div>\n\t\t\t\t<\/div>\n\t\t\t\t\t\t<\/div>\n\t\t\t\t\t<\/div>\n\t\t<\/div>\n\t\t\t\t<div class=\"elementor-column elementor-col-50 elementor-inner-column elementor-element elementor-element-eff575e sc_inner_width_none sc_content_align_inherit sc_layouts_column_icons_position_left sc_fly_static\" data-id=\"eff575e\" data-element_type=\"column\">\n\t\t\t<div class=\"elementor-column-wrap elementor-element-populated\">\n\t\t\t\t\t\t\t<div class=\"elementor-widget-wrap\">\n\t\t\t\t\t\t<div class=\"elementor-element elementor-element-9a4b1de sc_fly_static elementor-widget elementor-widget-spacer\" data-id=\"9a4b1de\" data-element_type=\"widget\" data-widget_type=\"spacer.default\">\n\t\t\t\t<div class=\"elementor-widget-container\">\n\t\t\t\t\t<div class=\"elementor-spacer\">\n\t\t\t<div class=\"elementor-spacer-inner\"><\/div>\n\t\t<\/div>\n\t\t\t\t<\/div>\n\t\t\t\t<\/div>\n\t\t\t\t<div class=\"elementor-element elementor-element-12de584 sc_fly_static elementor-widget elementor-widget-text-editor\" data-id=\"12de584\" data-element_type=\"widget\" data-widget_type=\"text-editor.default\">\n\t\t\t\t<div class=\"elementor-widget-container\">\n\t\t\t\t\t\t\t\t<div class=\"elementor-text-editor elementor-clearfix\">\n\t\t\t\t<p>Fansa Ka\u011f\u0131t, \u0130zmir Torbal\u0131\u2019da \u00fcretim yapan entegre bir temizlik ka\u011f\u0131d\u0131 fabrikas\u0131nda hizmet vermektedir. Yurti\u00e7i ve yurtd\u0131\u015f\u0131 pazarlar\u0131n\u0131n farkl\u0131 beklentilerine cevap verebilen, \u00a0farkl\u0131 a\u011f\u0131rl\u0131k , \u00e7ap ve katlarda bobin \u00fcretme esnekli\u011fi bulunan Fansa Ka\u011f\u0131t, \u00a0bir Fansa Group markas\u0131 olan Proftr \u00fcr\u00fcnlerinin yar\u0131 mamum\u00fcl\u00fcn\u00fc de kar\u015f\u0131lamaktad\u0131r.<\/p><p>Fansa Group\u2019un s\u00fcrd\u00fcr\u00fclebilirlik yakla\u015f\u0131m\u0131 do\u011frultusunda faaliyet g\u00f6steren Fansa Ka\u011f\u0131t tesislerinde yap\u0131lan yat\u0131r\u0131m sayesinde %100 Sel\u00fcloz, %100 Gerid\u00f6n\u00fc\u015f\u00fcm ve Sel\u00fcloz&amp;Gerid\u00f6n\u00fc\u015f\u00fcm kar\u0131\u015f\u0131m\u0131 olmak \u00fczere \u00fc\u00e7 farkl\u0131 tipte ka\u011f\u0131t \u00fcretilebilmektedir. \u00a0Fansa Ka\u011f\u0131t gerid\u00f6n\u00fc\u015f\u00fcm ka\u011f\u0131d\u0131n\u0131n kalitesi ile sekt\u00f6rde fark yaratmaya, pazar\u0131 bu y\u00f6nde geli\u015ftirmeye ve m\u00fc\u015fterilerinde bu bilincin olu\u015fmas\u0131na katk\u0131da bulunmaya devam etmektedir.<\/p>\t\t\t\t\t<\/div>\n\t\t\t\t\t\t<\/div>\n\t\t\t\t<\/div>\n\t\t\t\t\t\t<\/div>\n\t\t\t\t\t<\/div>\n\t\t<\/div>\n\t\t\t\t\t\t\t\t<\/div>\n\t\t\t\t\t<\/div>\n\t\t<\/section>\n\t\t\t\t\t\t<\/div>\n\t\t\t\t\t<\/div>\n\t\t<\/div>\n\t\t\t\t\t\t\t\t<\/div>\n\t\t\t\t\t<\/div>\n\t\t<\/section>\n\t\t\t\t\t\t\t\t\t<\/div>\n\t\t\t<\/div>\n\t\t\t\t\t<\/div>\n\t\t","protected":false},"excerpt":{"rendered":"<p>Fansa Group markas\u0131 olan Proftr, restoran-cafe,otel,okul,i\u015fyeri,hastane ve avm gibi evd\u0131\u015f\u0131 t\u00fcketim alanlar\u0131nda geni\u015f ve kaliteli \u00fcr\u00fcn yelpazesi ile end\u00fcstriyel temizlik ka\u011f\u0131d\u0131 pazar\u0131na profesyonel \u00e7\u00f6z\u00fcmler sunmaktad\u0131r. S\u00fcrekli devam eden Arge \u00e7al\u0131\u015fmalar\u0131&hellip;<\/p>\n","protected":false},"author":3,"featured_media":0,"parent":0,"menu_order":0,"comment_status":"closed","ping_status":"closed","template":"","meta":{"footnotes":""},"class_list":["post-19389","page","type-page","status-publish","hentry"],"_links":{"self":[{"href":"https:\/\/fansagroup.com.tr\/index.php?rest_route=\/wp\/v2\/pages\/19389","targetHints":{"allow":["GET"]}}],"collection":[{"href":"https:\/\/fansagroup.com.tr\/index.php?rest_route=\/wp\/v2\/pages"}],"about":[{"href":"https:\/\/fansagroup.com.tr\/index.php?rest_route=\/wp\/v2\/types\/page"}],"author":[{"embeddable":true,"href":"https:\/\/fansagroup.com.tr\/index.php?rest_route=\/wp\/v2\/users\/3"}],"replies":[{"embeddable":true,"href":"https:\/\/fansagroup.com.tr\/index.php?rest_route=%2Fwp%2Fv2%2Fcomments&post=19389"}],"version-history":[{"count":0,"href":"https:\/\/fansagroup.com.tr\/index.php?rest_route=\/wp\/v2\/pages\/19389\/revisions"}],"wp:attachment":[{"href":"https:\/\/fansagroup.com.tr\/index.php?rest_route=%2Fwp%2Fv2%2Fmedia&parent=19389"}],"curies":[{"name":"wp","href":"https:\/\/api.w.org\/{rel}","templated":true}]}}